{"id":8378,"date":"2025-07-21T18:30:36","date_gmt":"2025-07-21T18:30:36","guid":{"rendered":"https:\/\/bpbiwm.com\/?page_id=8378"},"modified":"2025-10-30T19:32:46","modified_gmt":"2025-10-30T19:32:46","slug":"asset-management","status":"publish","type":"page","link":"https:\/\/bpbiwm.com\/en\/servicios_financieros_de_bpbi\/asset-management\/","title":{"rendered":"Asset Management"},"content":{"rendered":"<div data-elementor-type=\"wp-page\" data-elementor-id=\"8378\" class=\"elementor elementor-8378\">\n\t\t\t\t\t\t<section class=\"elementor-section elementor-top-section elementor-element elementor-element-07ab62e elementor-section-stretched elementor-section-height-min-height elementor-section-content-middle elementor-section-boxed elementor-section-height-default elementor-section-items-middle elementor-invisible\" data-id=\"07ab62e\" data-element_type=\"section\" data-settings=\"{&quot;stretch_section&quot;:&quot;section-stretched&quot;,&quot;background_background&quot;:&quot;classic&quot;,&quot;animation&quot;:&quot;fadeInUp&quot;,&quot;avante_ext_is_background_backdrop&quot;:&quot;false&quot;}\">\n\t\t\t\t\t\t<div class=\"elementor-container elementor-column-gap-default\">\n\t\t\t\t\t<div class=\"elementor-column elementor-col-100 elementor-top-column elementor-element elementor-element-6e21551\" data-id=\"6e21551\" data-element_type=\"column\" data-settings=\"{&quot;avante_ext_is_scrollme&quot;:&quot;false&quot;,&quot;avante_ext_is_smoove&quot;:&quot;false&quot;,&quot;avante_ext_is_parallax_mouse&quot;:&quot;false&quot;,&quot;avante_ext_is_infinite&quot;:&quot;false&quot;,&quot;avante_ext_mobile_static&quot;:&quot;false&quot;,&quot;avante_ext_link_sidemenu&quot;:&quot;false&quot;,&quot;avante_ext_link_fullmenu&quot;:&quot;false&quot;,&quot;avante_ext_link_closed_fullmenu&quot;:&quot;false&quot;}\">\n\t\t\t<div class=\"elementor-widget-wrap elementor-element-populated\">\n\t\t\t\t\t\t<div class=\"elementor-element elementor-element-89bdbbd elementor-widget__width-inherit elementor-widget elementor-widget-heading\" data-id=\"89bdbbd\" data-element_type=\"widget\" data-settings=\"{&quot;avante_ext_is_smoove&quot;:&quot;true&quot;,&quot;avante_ext_smoove_disable&quot;:&quot;769&quot;,&quot;avante_ext_smoove_duration&quot;:1000,&quot;avante_ext_smoove_rotatex&quot;:{&quot;unit&quot;:&quot;px&quot;,&quot;size&quot;:-90,&quot;sizes&quot;:[]},&quot;avante_ext_smoove_translatex&quot;:{&quot;unit&quot;:&quot;px&quot;,&quot;size&quot;:-40,&quot;sizes&quot;:[]},&quot;avante_ext_smoove_translatey&quot;:{&quot;unit&quot;:&quot;px&quot;,&quot;size&quot;:40,&quot;sizes&quot;:[]},&quot;avante_ext_smoove_translatez&quot;:{&quot;unit&quot;:&quot;px&quot;,&quot;size&quot;:-140,&quot;sizes&quot;:[]},&quot;avante_ext_is_scrollme&quot;:&quot;false&quot;,&quot;avante_ext_smoove_scalex&quot;:{&quot;unit&quot;:&quot;px&quot;,&quot;size&quot;:1,&quot;sizes&quot;:[]},&quot;avante_ext_smoove_scaley&quot;:{&quot;unit&quot;:&quot;px&quot;,&quot;size&quot;:1,&quot;sizes&quot;:[]},&quot;avante_ext_smoove_rotatey&quot;:{&quot;unit&quot;:&quot;px&quot;,&quot;size&quot;:0,&quot;sizes&quot;:[]},&quot;avante_ext_smoove_rotatez&quot;:{&quot;unit&quot;:&quot;px&quot;,&quot;size&quot;:0,&quot;sizes&quot;:[]},&quot;avante_ext_smoove_skewx&quot;:{&quot;unit&quot;:&quot;px&quot;,&quot;size&quot;:0,&quot;sizes&quot;:[]},&quot;avante_ext_smoove_skewy&quot;:{&quot;unit&quot;:&quot;px&quot;,&quot;size&quot;:0,&quot;sizes&quot;:[]},&quot;avante_ext_smoove_perspective&quot;:{&quot;unit&quot;:&quot;px&quot;,&quot;size&quot;:1000,&quot;sizes&quot;:[]},&quot;avante_ext_is_parallax_mouse&quot;:&quot;false&quot;,&quot;avante_ext_is_infinite&quot;:&quot;false&quot;,&quot;avante_ext_mobile_static&quot;:&quot;false&quot;,&quot;avante_ext_link_sidemenu&quot;:&quot;false&quot;,&quot;avante_ext_link_fullmenu&quot;:&quot;false&quot;,&quot;avante_ext_link_closed_fullmenu&quot;:&quot;false&quot;}\" data-widget_type=\"heading.default\">\n\t\t\t\t\t<h1 class=\"elementor-heading-title elementor-size-default\"><br>Alternative Investments<\/h1>\t\t\t\t<\/div>\n\t\t\t\t\t<\/div>\n\t\t<\/div>\n\t\t\t\t\t<\/div>\n\t\t<\/section>\n\t\t\t\t<section class=\"elementor-section elementor-top-section elementor-element elementor-element-4044ce7 elementor-section-boxed elementor-section-height-default elementor-section-height-default elementor-invisible\" data-id=\"4044ce7\" data-element_type=\"section\" data-settings=\"{&quot;animation&quot;:&quot;fadeInUp&quot;,&quot;avante_ext_is_background_backdrop&quot;:&quot;false&quot;}\">\n\t\t\t\t\t\t<div class=\"elementor-container elementor-column-gap-default\">\n\t\t\t\t\t<div class=\"elementor-column elementor-col-100 elementor-top-column elementor-element elementor-element-7a29192\" data-id=\"7a29192\" data-element_type=\"column\" data-settings=\"{&quot;avante_ext_is_scrollme&quot;:&quot;false&quot;,&quot;avante_ext_is_smoove&quot;:&quot;false&quot;,&quot;avante_ext_is_parallax_mouse&quot;:&quot;false&quot;,&quot;avante_ext_is_infinite&quot;:&quot;false&quot;,&quot;avante_ext_mobile_static&quot;:&quot;false&quot;,&quot;avante_ext_link_sidemenu&quot;:&quot;false&quot;,&quot;avante_ext_link_fullmenu&quot;:&quot;false&quot;,&quot;avante_ext_link_closed_fullmenu&quot;:&quot;false&quot;}\">\n\t\t\t<div class=\"elementor-widget-wrap elementor-element-populated\">\n\t\t\t\t\t\t<div class=\"elementor-element elementor-element-0731f08 elementor-widget__width-initial elementor-widget elementor-widget-heading\" data-id=\"0731f08\" data-element_type=\"widget\" data-settings=\"{&quot;avante_ext_is_smoove&quot;:&quot;true&quot;,&quot;avante_ext_smoove_disable&quot;:&quot;769&quot;,&quot;avante_ext_smoove_duration&quot;:1000,&quot;avante_ext_smoove_translatey&quot;:{&quot;unit&quot;:&quot;px&quot;,&quot;size&quot;:40,&quot;sizes&quot;:[]},&quot;avante_ext_smoove_rotatex&quot;:{&quot;unit&quot;:&quot;px&quot;,&quot;size&quot;:-90,&quot;sizes&quot;:[]},&quot;avante_ext_smoove_translatez&quot;:{&quot;unit&quot;:&quot;px&quot;,&quot;size&quot;:-140,&quot;sizes&quot;:[]},&quot;avante_ext_is_scrollme&quot;:&quot;false&quot;,&quot;avante_ext_smoove_scalex&quot;:{&quot;unit&quot;:&quot;px&quot;,&quot;size&quot;:1,&quot;sizes&quot;:[]},&quot;avante_ext_smoove_scaley&quot;:{&quot;unit&quot;:&quot;px&quot;,&quot;size&quot;:1,&quot;sizes&quot;:[]},&quot;avante_ext_smoove_rotatey&quot;:{&quot;unit&quot;:&quot;px&quot;,&quot;size&quot;:0,&quot;sizes&quot;:[]},&quot;avante_ext_smoove_rotatez&quot;:{&quot;unit&quot;:&quot;px&quot;,&quot;size&quot;:0,&quot;sizes&quot;:[]},&quot;avante_ext_smoove_translatex&quot;:{&quot;unit&quot;:&quot;px&quot;,&quot;size&quot;:0,&quot;sizes&quot;:[]},&quot;avante_ext_smoove_skewx&quot;:{&quot;unit&quot;:&quot;px&quot;,&quot;size&quot;:0,&quot;sizes&quot;:[]},&quot;avante_ext_smoove_skewy&quot;:{&quot;unit&quot;:&quot;px&quot;,&quot;size&quot;:0,&quot;sizes&quot;:[]},&quot;avante_ext_smoove_perspective&quot;:{&quot;unit&quot;:&quot;px&quot;,&quot;size&quot;:1000,&quot;sizes&quot;:[]},&quot;avante_ext_is_parallax_mouse&quot;:&quot;false&quot;,&quot;avante_ext_is_infinite&quot;:&quot;false&quot;,&quot;avante_ext_mobile_static&quot;:&quot;false&quot;,&quot;avante_ext_link_sidemenu&quot;:&quot;false&quot;,&quot;avante_ext_link_fullmenu&quot;:&quot;false&quot;,&quot;avante_ext_link_closed_fullmenu&quot;:&quot;false&quot;}\" data-widget_type=\"heading.default\">\n\t\t\t\t\t<span class=\"elementor-heading-title elementor-size-default\">Structuring and implementation of differentiated medium- and long-term institutional investment solutions in private markets, focused on transgenerational wealth and aiming to provide the highest efficiency in terms of risk-adjusted returns.<\/span>\t\t\t\t<\/div>\n\t\t\t\t\t<\/div>\n\t\t<\/div>\n\t\t\t\t\t<\/div>\n\t\t<\/section>\n\t\t\t\t<section class=\"elementor-section elementor-top-section elementor-element elementor-element-927b065 elementor-section-boxed elementor-section-height-default elementor-section-height-default\" data-id=\"927b065\" data-element_type=\"section\" data-settings=\"{&quot;avante_ext_is_background_backdrop&quot;:&quot;false&quot;}\">\n\t\t\t\t\t\t<div class=\"elementor-container elementor-column-gap-default\">\n\t\t\t\t\t<div class=\"elementor-column elementor-col-100 elementor-top-column elementor-element elementor-element-45679dd\" data-id=\"45679dd\" data-element_type=\"column\" data-settings=\"{&quot;avante_ext_is_scrollme&quot;:&quot;false&quot;,&quot;avante_ext_is_smoove&quot;:&quot;false&quot;,&quot;avante_ext_is_parallax_mouse&quot;:&quot;false&quot;,&quot;avante_ext_is_infinite&quot;:&quot;false&quot;,&quot;avante_ext_mobile_static&quot;:&quot;false&quot;,&quot;avante_ext_link_sidemenu&quot;:&quot;false&quot;,&quot;avante_ext_link_fullmenu&quot;:&quot;false&quot;,&quot;avante_ext_link_closed_fullmenu&quot;:&quot;false&quot;}\">\n\t\t\t<div class=\"elementor-widget-wrap elementor-element-populated\">\n\t\t\t\t\t\t<div class=\"elementor-element elementor-element-f4335c2 no-click elementor-widget elementor-widget-avante-team-grid\" data-id=\"f4335c2\" data-element_type=\"widget\" data-settings=\"{&quot;avante_ext_is_scrollme&quot;:&quot;false&quot;,&quot;avante_ext_is_smoove&quot;:&quot;false&quot;,&quot;avante_ext_is_parallax_mouse&quot;:&quot;false&quot;,&quot;avante_ext_is_infinite&quot;:&quot;false&quot;,&quot;avante_ext_mobile_static&quot;:&quot;false&quot;,&quot;avante_ext_link_sidemenu&quot;:&quot;false&quot;,&quot;avante_ext_link_fullmenu&quot;:&quot;false&quot;,&quot;avante_ext_link_closed_fullmenu&quot;:&quot;false&quot;}\" data-widget_type=\"avante-team-grid.default\">\n\t\t\t\t<div class=\"elementor-widget-container\">\n\t\t\t\t\t<div class=\"portfolio-classic-container contain avante-team-grid\">\n<div class=\"portfolio-classic-content-wrapper portfolio-classic layout-avante-three-cols\" data-cols=\"3\">\n\t\t<div class=\"portfolio-classic-grid-wrapper avante-three-cols   portfolio-1 tile scale-anm all smoove disable_tablet\" data-delay=\"150\" data-minwidth=\"769\" data-move-y=\"45px\">\n\t\t\t<div class=\"portfolio-classic-img grid_tilt\">\n\t\t\t\t<img decoding=\"async\" src=\"https:\/\/bpbiwm.com\/wp-content\/uploads\/2025\/08\/Gestion_de_Activos-Enfoque_THUMB-660x740.jpg\" alt=\"\" \/>\n\t\t\t\n\t\t\t\t<div>\t\t\n\t\t\t\t\t<a href=\"\"  ><\/a>\n\t\t\t\t<\/div>\n\t\t\t<\/div>\n\t\t\t<br class=\"clear\"\/>\n\t\t\t<div class=\"portfolio-classic-content\">\n\t\t\t\t<div class=\"portfolio-classic-subtitle\"><\/div>\n\t\t\t\t<h3 class=\"portfolio-classic_title\"><a href=\"\"  >Approach<\/a><\/h3>\n\t\t\t\t\n\t\t\t\t<div class=\"portfolio-classic-description\">Focused on strategic private asset classes: private equity, private debt, real estate, and venture capital.<\/div>\n\t\t\t<\/div>\n\t\t<\/div>\n\t\t<div class=\"portfolio-classic-grid-wrapper avante-three-cols   portfolio-2 tile scale-anm all smoove disable_tablet\" data-delay=\"300\" data-minwidth=\"769\" data-move-y=\"45px\">\n\t\t\t<div class=\"portfolio-classic-img grid_tilt\">\n\t\t\t\t<img decoding=\"async\" src=\"https:\/\/bpbiwm.com\/wp-content\/uploads\/2025\/08\/Gestion_de_Activos-Regulados_THUMB-1-660x740.jpg\" alt=\"\" \/>\n\t\t\t\n\t\t\t\t<div>\t\t\n\t\t\t\t\t<a href=\"\"  ><\/a>\n\t\t\t\t<\/div>\n\t\t\t<\/div>\n\t\t\t<br class=\"clear\"\/>\n\t\t\t<div class=\"portfolio-classic-content\">\n\t\t\t\t<div class=\"portfolio-classic-subtitle\"><\/div>\n\t\t\t\t<h3 class=\"portfolio-classic_title\"><a href=\"\"  >Regulated<\/a><\/h3>\n\t\t\t\t\n\t\t\t\t<div class=\"portfolio-classic-description\">Strategies regulated by international authorities and managed with the highest standards of institutional integrity, in partnership with renowned global firms.<\/div>\n\t\t\t<\/div>\n\t\t<\/div>\n\t\t<div class=\"portfolio-classic-grid-wrapper avante-three-cols last  portfolio-3 tile scale-anm all smoove disable_tablet\" data-delay=\"450\" data-minwidth=\"769\" data-move-y=\"45px\">\n\t\t\t<div class=\"portfolio-classic-img grid_tilt\">\n\t\t\t\t<img decoding=\"async\" src=\"https:\/\/bpbiwm.com\/wp-content\/uploads\/2025\/08\/Gestion_de_Activos-Regulados_THUMB-660x740.jpg\" alt=\"\" \/>\n\t\t\t\n\t\t\t\t<div>\t\t\n\t\t\t\t\t<a href=\"\"  ><\/a>\n\t\t\t\t<\/div>\n\t\t\t<\/div>\n\t\t\t<br class=\"clear\"\/>\n\t\t\t<div class=\"portfolio-classic-content\">\n\t\t\t\t<div class=\"portfolio-classic-subtitle\"><\/div>\n\t\t\t\t<h3 class=\"portfolio-classic_title\"><a href=\"\"  >Structures<\/a><\/h3>\n\t\t\t\t\n\t\t\t\t<div class=\"portfolio-classic-description\">Completely market differentiated, to benefit investors with diverse medium- and long-term investment objectives.<\/div>\n\t\t\t<\/div>\n\t\t<\/div>\n<br class=\"clear\"\/>\n<\/div>\n<\/div>\t\t\t\t<\/div>\n\t\t\t\t<\/div>\n\t\t\t\t\t<\/div>\n\t\t<\/div>\n\t\t\t\t\t<\/div>\n\t\t<\/section>\n\t\t\t\t<\/div>","protected":false},"excerpt":{"rendered":"<p>Inversiones Alternativas Estructuraci\u00f3n e implementaci\u00f3n de soluciones institucionales de inversi\u00f3n diferenciadas de mediano y largo plazo en mercados privados; enfocadas en patrimonios transgeneracionales y con el objetivo de brindar la mayor eficiencia en t\u00e9rminos de retornos ajustados por riesgo. Enfoque [&hellip;]<\/p>","protected":false},"author":2,"featured_media":0,"parent":5806,"menu_order":0,"comment_status":"closed","ping_status":"closed","template":"","meta":{"footnotes":""},"class_list":["post-8378","page","type-page","status-publish","hentry"],"_links":{"self":[{"href":"https:\/\/bpbiwm.com\/en\/wp-json\/wp\/v2\/pages\/8378","targetHints":{"allow":["GET"]}}],"collection":[{"href":"https:\/\/bpbiwm.com\/en\/wp-json\/wp\/v2\/pages"}],"about":[{"href":"https:\/\/bpbiwm.com\/en\/wp-json\/wp\/v2\/types\/page"}],"author":[{"embeddable":true,"href":"https:\/\/bpbiwm.com\/en\/wp-json\/wp\/v2\/users\/2"}],"replies":[{"embeddable":true,"href":"https:\/\/bpbiwm.com\/en\/wp-json\/wp\/v2\/comments?post=8378"}],"version-history":[{"count":0,"href":"https:\/\/bpbiwm.com\/en\/wp-json\/wp\/v2\/pages\/8378\/revisions"}],"up":[{"embeddable":true,"href":"https:\/\/bpbiwm.com\/en\/wp-json\/wp\/v2\/pages\/5806"}],"wp:attachment":[{"href":"https:\/\/bpbiwm.com\/en\/wp-json\/wp\/v2\/media?parent=8378"}],"curies":[{"name":"wp","href":"https:\/\/api.w.org\/{rel}","templated":true}]}}