{"id":8537,"date":"2025-07-23T00:55:35","date_gmt":"2025-07-23T00:55:35","guid":{"rendered":"https:\/\/bpbiwm.com\/?page_id=8537"},"modified":"2025-12-17T18:28:39","modified_gmt":"2025-12-17T18:28:39","slug":"terminos-y-condiciones","status":"publish","type":"page","link":"https:\/\/bpbiwm.com\/en\/terminos-y-condiciones\/","title":{"rendered":"Terms and Conditions"},"content":{"rendered":"<div data-elementor-type=\"wp-page\" data-elementor-id=\"8537\" class=\"elementor elementor-8537\">\n\t\t\t\t\t\t<section class=\"elementor-section elementor-top-section elementor-element elementor-element-07ab62e elementor-section-stretched elementor-section-height-min-height elementor-section-content-middle elementor-section-boxed elementor-section-height-default elementor-section-items-middle elementor-invisible\" data-id=\"07ab62e\" data-element_type=\"section\" data-settings=\"{&quot;stretch_section&quot;:&quot;section-stretched&quot;,&quot;background_background&quot;:&quot;classic&quot;,&quot;animation&quot;:&quot;fadeInUp&quot;,&quot;avante_ext_is_background_backdrop&quot;:&quot;false&quot;}\">\n\t\t\t\t\t\t<div class=\"elementor-container elementor-column-gap-default\">\n\t\t\t\t\t<div class=\"elementor-column elementor-col-100 elementor-top-column elementor-element elementor-element-6e21551\" data-id=\"6e21551\" data-element_type=\"column\" data-settings=\"{&quot;avante_ext_is_scrollme&quot;:&quot;false&quot;,&quot;avante_ext_is_smoove&quot;:&quot;false&quot;,&quot;avante_ext_is_parallax_mouse&quot;:&quot;false&quot;,&quot;avante_ext_is_infinite&quot;:&quot;false&quot;,&quot;avante_ext_mobile_static&quot;:&quot;false&quot;,&quot;avante_ext_link_sidemenu&quot;:&quot;false&quot;,&quot;avante_ext_link_fullmenu&quot;:&quot;false&quot;,&quot;avante_ext_link_closed_fullmenu&quot;:&quot;false&quot;}\">\n\t\t\t<div class=\"elementor-widget-wrap elementor-element-populated\">\n\t\t\t\t\t\t<div class=\"elementor-element elementor-element-89bdbbd elementor-widget__width-inherit elementor-widget elementor-widget-heading\" data-id=\"89bdbbd\" data-element_type=\"widget\" data-settings=\"{&quot;avante_ext_is_smoove&quot;:&quot;true&quot;,&quot;avante_ext_smoove_disable&quot;:&quot;769&quot;,&quot;avante_ext_smoove_duration&quot;:1000,&quot;avante_ext_smoove_rotatex&quot;:{&quot;unit&quot;:&quot;px&quot;,&quot;size&quot;:-90,&quot;sizes&quot;:[]},&quot;avante_ext_smoove_translatex&quot;:{&quot;unit&quot;:&quot;px&quot;,&quot;size&quot;:-40,&quot;sizes&quot;:[]},&quot;avante_ext_smoove_translatey&quot;:{&quot;unit&quot;:&quot;px&quot;,&quot;size&quot;:40,&quot;sizes&quot;:[]},&quot;avante_ext_smoove_translatez&quot;:{&quot;unit&quot;:&quot;px&quot;,&quot;size&quot;:-140,&quot;sizes&quot;:[]},&quot;avante_ext_is_scrollme&quot;:&quot;false&quot;,&quot;avante_ext_smoove_scalex&quot;:{&quot;unit&quot;:&quot;px&quot;,&quot;size&quot;:1,&quot;sizes&quot;:[]},&quot;avante_ext_smoove_scaley&quot;:{&quot;unit&quot;:&quot;px&quot;,&quot;size&quot;:1,&quot;sizes&quot;:[]},&quot;avante_ext_smoove_rotatey&quot;:{&quot;unit&quot;:&quot;px&quot;,&quot;size&quot;:0,&quot;sizes&quot;:[]},&quot;avante_ext_smoove_rotatez&quot;:{&quot;unit&quot;:&quot;px&quot;,&quot;size&quot;:0,&quot;sizes&quot;:[]},&quot;avante_ext_smoove_skewx&quot;:{&quot;unit&quot;:&quot;px&quot;,&quot;size&quot;:0,&quot;sizes&quot;:[]},&quot;avante_ext_smoove_skewy&quot;:{&quot;unit&quot;:&quot;px&quot;,&quot;size&quot;:0,&quot;sizes&quot;:[]},&quot;avante_ext_smoove_perspective&quot;:{&quot;unit&quot;:&quot;px&quot;,&quot;size&quot;:1000,&quot;sizes&quot;:[]},&quot;avante_ext_is_parallax_mouse&quot;:&quot;false&quot;,&quot;avante_ext_is_infinite&quot;:&quot;false&quot;,&quot;avante_ext_mobile_static&quot;:&quot;false&quot;,&quot;avante_ext_link_sidemenu&quot;:&quot;false&quot;,&quot;avante_ext_link_fullmenu&quot;:&quot;false&quot;,&quot;avante_ext_link_closed_fullmenu&quot;:&quot;false&quot;}\" data-widget_type=\"heading.default\">\n\t\t\t\t\t<h1 class=\"elementor-heading-title elementor-size-default\">Terms and Conditions<\/h1>\t\t\t\t<\/div>\n\t\t\t\t\t<\/div>\n\t\t<\/div>\n\t\t\t\t\t<\/div>\n\t\t<\/section>\n\t\t\t\t<section class=\"elementor-section elementor-top-section elementor-element elementor-element-4044ce7 elementor-section-boxed elementor-section-height-default elementor-section-height-default\" data-id=\"4044ce7\" data-element_type=\"section\" data-settings=\"{&quot;animation&quot;:&quot;none&quot;,&quot;avante_ext_is_background_backdrop&quot;:&quot;false&quot;}\">\n\t\t\t\t\t\t<div class=\"elementor-container elementor-column-gap-default\">\n\t\t\t\t\t<div class=\"elementor-column elementor-col-100 elementor-top-column elementor-element elementor-element-7a29192\" data-id=\"7a29192\" data-element_type=\"column\" data-settings=\"{&quot;avante_ext_is_scrollme&quot;:&quot;false&quot;,&quot;avante_ext_is_smoove&quot;:&quot;false&quot;,&quot;avante_ext_is_parallax_mouse&quot;:&quot;false&quot;,&quot;avante_ext_is_infinite&quot;:&quot;false&quot;,&quot;avante_ext_mobile_static&quot;:&quot;false&quot;,&quot;avante_ext_link_sidemenu&quot;:&quot;false&quot;,&quot;avante_ext_link_fullmenu&quot;:&quot;false&quot;,&quot;avante_ext_link_closed_fullmenu&quot;:&quot;false&quot;}\">\n\t\t\t<div class=\"elementor-widget-wrap elementor-element-populated\">\n\t\t\t\t\t\t<div class=\"elementor-element elementor-element-0731f08 elementor-widget__width-initial elementor-widget elementor-widget-heading\" data-id=\"0731f08\" data-element_type=\"widget\" data-settings=\"{&quot;avante_ext_is_smoove&quot;:&quot;true&quot;,&quot;avante_ext_smoove_disable&quot;:&quot;769&quot;,&quot;avante_ext_smoove_duration&quot;:1000,&quot;avante_ext_smoove_translatey&quot;:{&quot;unit&quot;:&quot;px&quot;,&quot;size&quot;:40,&quot;sizes&quot;:[]},&quot;avante_ext_smoove_rotatex&quot;:{&quot;unit&quot;:&quot;px&quot;,&quot;size&quot;:-90,&quot;sizes&quot;:[]},&quot;avante_ext_smoove_translatez&quot;:{&quot;unit&quot;:&quot;px&quot;,&quot;size&quot;:-140,&quot;sizes&quot;:[]},&quot;_animation&quot;:&quot;none&quot;,&quot;avante_ext_is_scrollme&quot;:&quot;false&quot;,&quot;avante_ext_smoove_scalex&quot;:{&quot;unit&quot;:&quot;px&quot;,&quot;size&quot;:1,&quot;sizes&quot;:[]},&quot;avante_ext_smoove_scaley&quot;:{&quot;unit&quot;:&quot;px&quot;,&quot;size&quot;:1,&quot;sizes&quot;:[]},&quot;avante_ext_smoove_rotatey&quot;:{&quot;unit&quot;:&quot;px&quot;,&quot;size&quot;:0,&quot;sizes&quot;:[]},&quot;avante_ext_smoove_rotatez&quot;:{&quot;unit&quot;:&quot;px&quot;,&quot;size&quot;:0,&quot;sizes&quot;:[]},&quot;avante_ext_smoove_translatex&quot;:{&quot;unit&quot;:&quot;px&quot;,&quot;size&quot;:0,&quot;sizes&quot;:[]},&quot;avante_ext_smoove_skewx&quot;:{&quot;unit&quot;:&quot;px&quot;,&quot;size&quot;:0,&quot;sizes&quot;:[]},&quot;avante_ext_smoove_skewy&quot;:{&quot;unit&quot;:&quot;px&quot;,&quot;size&quot;:0,&quot;sizes&quot;:[]},&quot;avante_ext_smoove_perspective&quot;:{&quot;unit&quot;:&quot;px&quot;,&quot;size&quot;:1000,&quot;sizes&quot;:[]},&quot;avante_ext_is_parallax_mouse&quot;:&quot;false&quot;,&quot;avante_ext_is_infinite&quot;:&quot;false&quot;,&quot;avante_ext_mobile_static&quot;:&quot;false&quot;,&quot;avante_ext_link_sidemenu&quot;:&quot;false&quot;,&quot;avante_ext_link_fullmenu&quot;:&quot;false&quot;,&quot;avante_ext_link_closed_fullmenu&quot;:&quot;false&quot;}\" data-widget_type=\"heading.default\">\n\t\t\t\t\t<span class=\"elementor-heading-title elementor-size-default\"><b>T\u00c9RMINOS Y CONDICIONES<\/b><br><br>\n\nAl acceder, navegar o utilizar este sitio web (el \u201cSitio\u201d), gestionado por [BP ADMIN\nS.A. de C.V.] (\u201cBPBI\u201d o \u201cNosotros\u201d) con domicilio en [Bosques De Los Tamarindos 400 A, Piso 22, Bosques De Las Lomas, Cuajimalpa De Morelos, 05120], usted reconoce haber le\u00eddo y comprendido y aceptado los presentes T\u00e9rminos y\nCondiciones, y manifiesta su conformidad con ellos. Si no est\u00e1 de acuerdo con su contenido, le pedimos se abstenga de utilizar el Sitio.\nBPBI podr\u00e1 modificar o actualizar su contenido en cualquier momento, publicando la versi\u00f3n vigente en este mismo Sitio. El acceso o navegaci\u00f3n posterior a dichas modificaciones constituir\u00e1 su aceptaci\u00f3n a los cambios realizados.<br><br>\n\n<b>Uso Permitido del Sitio<\/b><br><br>\n\nEl Sitio es \u00fanicamente informativos y presenta los servicios de BPBI en sus\nprincipales l\u00edneas de servicio, que incluyen asesor\u00eda en banca de inversi\u00f3n, bienes ra\u00edces, gesti\u00f3n patrimonial e inversiones alternativas.\nUsted se compromete a usar el Sitio de forma l\u00edcita y responsable, por lo que no realizar\u00e1 actos que afecten su operaci\u00f3n, funcionamiento o integridad, tales como introducir virus o c\u00f3digo malicioso, interferir con su funcionamiento, intentar acceder sin autorizaci\u00f3n a sus sistemas o utilizar, o copiar o modificar su\ncontenido, o la extracci\u00f3n automatizada del mismo, sin el consentimiento previo y por escrito de BPBI.<br><br>\n<b>Seguridad del Sitio y Protecci\u00f3n de Datos Personales<\/b><br><br>\n\nBPBI aplica medidas administrativas, t\u00e9cnicas y f\u00edsicas acordes con los est\u00e1ndares del sector para proteger la informaci\u00f3n alojada en este Sitio y asegurar su\nfuncionamiento adecuado. BPBI monitorea cualquier actividad sospechosa y tomar\u00e1 las medidas pertinentes al respecto.\nLos datos personales ser\u00e1n tratados conforme a nuestro <a href=\"\/en\/aviso-de-privacidad\/\">[Aviso de Privacidad]<\/a>, disponible en el Sitio.<br><br>\n\n<b>Propiedad Intelectual<\/b><br><br>\n\nEl contenido de este Sitio, incluidos, de manera enunciativa mas no limitativa textos, gr\u00e1ficos, logotipos, im\u00e1genes, dise\u00f1os, software, c\u00f3digo fuente y cualquier otro elemento visual o funcional, es propiedad exclusiva de BPBI o de terceros que han autorizado su uso, y se encuentra protegido por las leyes de propiedad\nintelectual.\n \nEl acceso al Sitio no implica la concesi\u00f3n de licencia o derecho alguno sobre los contenidos. Queda estrictamente prohibida su reproducci\u00f3n, modificaci\u00f3n,\ndistribuci\u00f3n o utilizaci\u00f3n con fines p\u00fablicos o comerciales sin la autorizaci\u00f3n previa y por escrito de BPBI.<br><br>\n<b>Exclusi\u00f3n de Garant\u00edas y Limitaci\u00f3n de Responsabilidad<\/b><br><br>\n\nEl Sitio se proporciona \u201ctal cual\u201d y \u201cseg\u00fan disponibilidad\u201d, sin garant\u00edas de ning\u00fan tipo, expresas o impl\u00edcitas.\n\nBPBI procura que la informaci\u00f3n publicada sea precisa, completa y actualizada; sin embargo, no garantiza su exactitud, integridad o vigencia. BPBI no ser\u00e1\nresponsable por decisiones tomadas con base en la informaci\u00f3n contenida en el Sitio, ni por da\u00f1os, p\u00e9rdidas o inconvenientes que pudieran derivarse de su uso o de la imposibilidad de acceder al mismo.<br><br>\n\n<b>Suspensi\u00f3n y Terminaci\u00f3n<\/b><br><br>\nBPBI se reserva el derecho de suspender o limitar el acceso al Sitio en cualquier momento, sin previo aviso, cuando lo considere necesario por motivos de\nmantenimiento, actualizaci\u00f3n, seguridad o por incumplimiento de estos T\u00e9rminos.<br><br>\n<b>Contact Us<\/b><br><br>\n\nPara cualquier comunicaci\u00f3n relacionada con el Sitio o con estos T\u00e9rminos y Condiciones, cont\u00e1ctenos en:\n<b>[BP ADMIN S.A. de C.V.]<\/b>\nDomicilio: Bosques De Los Tamarindos 400 A, Piso 22, Bosques De Las Lomas, Cuajimalpa De Morelos, 05120\nCorreo electr\u00f3nico: <a href=\"mailto:contacto@bpbiwm.com\">contacto@bpbiwm.com<\/a>\nTel\u00e9fono: +52 (55) 8525 8651\nPara temas de privacidad, use el correo indicado en nuestro <a href=\"\/en\/aviso-de-privacidad\/\">Aviso de Privacidad.<\/a><br><br>\n\n<b>Legislaci\u00f3n aplicable y jurisdicci\u00f3n<\/b><br><br>\n\nEstos T\u00e9rminos se regir\u00e1n e interpretar\u00e1n conforme a las leyes de los Estados Unidos Mexicanos. Cualquier controversia relacionada con su aplicaci\u00f3n o con el uso del Sitio ser\u00e1 resuelta por los tribunales competentes de la Ciudad de M\u00e9xico, salvo que una disposici\u00f3n de orden p\u00fablico establezca lo contrario.<br><br>\n \nFecha de \u00faltima actualizaci\u00f3n: [ 16 diciembre 2025]\n<\/span>\t\t\t\t<\/div>\n\t\t\t\t\t<\/div>\n\t\t<\/div>\n\t\t\t\t\t<\/div>\n\t\t<\/section>\n\t\t<div class=\"elementor-element elementor-element-8104715 e-flex e-con-boxed e-con e-parent\" data-id=\"8104715\" data-element_type=\"container\" data-settings=\"{&quot;avante_ext_is_background_backdrop&quot;:&quot;false&quot;}\">\n\t\t\t\t\t<div class=\"e-con-inner\">\n\t\t\t\t<div class=\"elementor-element elementor-element-1242dd8 elementor-widget elementor-widget-spacer\" data-id=\"1242dd8\" data-element_type=\"widget\" data-settings=\"{&quot;avante_ext_is_scrollme&quot;:&quot;false&quot;,&quot;avante_ext_is_smoove&quot;:&quot;false&quot;,&quot;avante_ext_is_parallax_mouse&quot;:&quot;false&quot;,&quot;avante_ext_is_infinite&quot;:&quot;false&quot;,&quot;avante_ext_mobile_static&quot;:&quot;false&quot;,&quot;avante_ext_link_sidemenu&quot;:&quot;false&quot;,&quot;avante_ext_link_fullmenu&quot;:&quot;false&quot;,&quot;avante_ext_link_closed_fullmenu&quot;:&quot;false&quot;}\" data-widget_type=\"spacer.default\">\n\t\t\t\t\t\t\t<div class=\"elementor-spacer\">\n\t\t\t<div class=\"elementor-spacer-inner\"><\/div>\n\t\t<\/div>\n\t\t\t\t\t\t<\/div>\n\t\t\t\t\t<\/div>\n\t\t\t\t<\/div>\n\t\t\t\t<\/div>","protected":false},"excerpt":{"rendered":"<p>T\u00e9rminos y Condiciones T\u00c9RMINOS Y CONDICIONES Al acceder, navegar o utilizar este sitio web (el \u201cSitio\u201d), gestionado por [BP ADMIN S.A. de C.V.] (\u201cBPBI\u201d o \u201cNosotros\u201d) con domicilio en [Bosques De Los Tamarindos 400 A, Piso 22, Bosques De Las [&hellip;]<\/p>","protected":false},"author":2,"featured_media":0,"parent":0,"menu_order":0,"comment_status":"closed","ping_status":"closed","template":"","meta":{"footnotes":""},"class_list":["post-8537","page","type-page","status-publish","hentry"],"_links":{"self":[{"href":"https:\/\/bpbiwm.com\/en\/wp-json\/wp\/v2\/pages\/8537","targetHints":{"allow":["GET"]}}],"collection":[{"href":"https:\/\/bpbiwm.com\/en\/wp-json\/wp\/v2\/pages"}],"about":[{"href":"https:\/\/bpbiwm.com\/en\/wp-json\/wp\/v2\/types\/page"}],"author":[{"embeddable":true,"href":"https:\/\/bpbiwm.com\/en\/wp-json\/wp\/v2\/users\/2"}],"replies":[{"embeddable":true,"href":"https:\/\/bpbiwm.com\/en\/wp-json\/wp\/v2\/comments?post=8537"}],"version-history":[{"count":0,"href":"https:\/\/bpbiwm.com\/en\/wp-json\/wp\/v2\/pages\/8537\/revisions"}],"wp:attachment":[{"href":"https:\/\/bpbiwm.com\/en\/wp-json\/wp\/v2\/media?parent=8537"}],"curies":[{"name":"wp","href":"https:\/\/api.w.org\/{rel}","templated":true}]}}