{"id":8549,"date":"2025-07-23T01:17:36","date_gmt":"2025-07-23T01:17:36","guid":{"rendered":"https:\/\/bpbiwm.com\/?page_id=8549"},"modified":"2025-12-17T17:55:08","modified_gmt":"2025-12-17T17:55:08","slug":"aviso-de-privacidad","status":"publish","type":"page","link":"https:\/\/bpbiwm.com\/en\/aviso-de-privacidad\/","title":{"rendered":"Privacy Policy"},"content":{"rendered":"<div data-elementor-type=\"wp-page\" data-elementor-id=\"8549\" class=\"elementor elementor-8549\">\n\t\t\t\t\t\t<section class=\"elementor-section elementor-top-section elementor-element elementor-element-07ab62e elementor-section-stretched elementor-section-height-min-height elementor-section-content-middle elementor-section-boxed elementor-section-height-default elementor-section-items-middle elementor-invisible\" data-id=\"07ab62e\" data-element_type=\"section\" data-settings=\"{&quot;stretch_section&quot;:&quot;section-stretched&quot;,&quot;background_background&quot;:&quot;classic&quot;,&quot;animation&quot;:&quot;fadeInUp&quot;,&quot;avante_ext_is_background_backdrop&quot;:&quot;false&quot;}\">\n\t\t\t\t\t\t<div class=\"elementor-container elementor-column-gap-default\">\n\t\t\t\t\t<div class=\"elementor-column elementor-col-100 elementor-top-column elementor-element elementor-element-6e21551\" data-id=\"6e21551\" data-element_type=\"column\" data-settings=\"{&quot;avante_ext_is_scrollme&quot;:&quot;false&quot;,&quot;avante_ext_is_smoove&quot;:&quot;false&quot;,&quot;avante_ext_is_parallax_mouse&quot;:&quot;false&quot;,&quot;avante_ext_is_infinite&quot;:&quot;false&quot;,&quot;avante_ext_mobile_static&quot;:&quot;false&quot;,&quot;avante_ext_link_sidemenu&quot;:&quot;false&quot;,&quot;avante_ext_link_fullmenu&quot;:&quot;false&quot;,&quot;avante_ext_link_closed_fullmenu&quot;:&quot;false&quot;}\">\n\t\t\t<div class=\"elementor-widget-wrap elementor-element-populated\">\n\t\t\t\t\t\t<div class=\"elementor-element elementor-element-89bdbbd elementor-widget__width-inherit elementor-widget elementor-widget-heading\" data-id=\"89bdbbd\" data-element_type=\"widget\" data-settings=\"{&quot;avante_ext_is_smoove&quot;:&quot;true&quot;,&quot;avante_ext_smoove_disable&quot;:&quot;769&quot;,&quot;avante_ext_smoove_duration&quot;:1000,&quot;avante_ext_smoove_rotatex&quot;:{&quot;unit&quot;:&quot;px&quot;,&quot;size&quot;:-90,&quot;sizes&quot;:[]},&quot;avante_ext_smoove_translatex&quot;:{&quot;unit&quot;:&quot;px&quot;,&quot;size&quot;:-40,&quot;sizes&quot;:[]},&quot;avante_ext_smoove_translatey&quot;:{&quot;unit&quot;:&quot;px&quot;,&quot;size&quot;:40,&quot;sizes&quot;:[]},&quot;avante_ext_smoove_translatez&quot;:{&quot;unit&quot;:&quot;px&quot;,&quot;size&quot;:-140,&quot;sizes&quot;:[]},&quot;avante_ext_is_scrollme&quot;:&quot;false&quot;,&quot;avante_ext_smoove_scalex&quot;:{&quot;unit&quot;:&quot;px&quot;,&quot;size&quot;:1,&quot;sizes&quot;:[]},&quot;avante_ext_smoove_scaley&quot;:{&quot;unit&quot;:&quot;px&quot;,&quot;size&quot;:1,&quot;sizes&quot;:[]},&quot;avante_ext_smoove_rotatey&quot;:{&quot;unit&quot;:&quot;px&quot;,&quot;size&quot;:0,&quot;sizes&quot;:[]},&quot;avante_ext_smoove_rotatez&quot;:{&quot;unit&quot;:&quot;px&quot;,&quot;size&quot;:0,&quot;sizes&quot;:[]},&quot;avante_ext_smoove_skewx&quot;:{&quot;unit&quot;:&quot;px&quot;,&quot;size&quot;:0,&quot;sizes&quot;:[]},&quot;avante_ext_smoove_skewy&quot;:{&quot;unit&quot;:&quot;px&quot;,&quot;size&quot;:0,&quot;sizes&quot;:[]},&quot;avante_ext_smoove_perspective&quot;:{&quot;unit&quot;:&quot;px&quot;,&quot;size&quot;:1000,&quot;sizes&quot;:[]},&quot;avante_ext_is_parallax_mouse&quot;:&quot;false&quot;,&quot;avante_ext_is_infinite&quot;:&quot;false&quot;,&quot;avante_ext_mobile_static&quot;:&quot;false&quot;,&quot;avante_ext_link_sidemenu&quot;:&quot;false&quot;,&quot;avante_ext_link_fullmenu&quot;:&quot;false&quot;,&quot;avante_ext_link_closed_fullmenu&quot;:&quot;false&quot;}\" data-widget_type=\"heading.default\">\n\t\t\t\t\t<h1 class=\"elementor-heading-title elementor-size-default\">Privacy Policy<\/h1>\t\t\t\t<\/div>\n\t\t\t\t\t<\/div>\n\t\t<\/div>\n\t\t\t\t\t<\/div>\n\t\t<\/section>\n\t\t\t\t<section class=\"elementor-section elementor-top-section elementor-element elementor-element-4044ce7 elementor-section-boxed elementor-section-height-default elementor-section-height-default\" data-id=\"4044ce7\" data-element_type=\"section\" data-settings=\"{&quot;animation&quot;:&quot;none&quot;,&quot;avante_ext_is_background_backdrop&quot;:&quot;false&quot;}\">\n\t\t\t\t\t\t<div class=\"elementor-container elementor-column-gap-default\">\n\t\t\t\t\t<div class=\"elementor-column elementor-col-100 elementor-top-column elementor-element elementor-element-7a29192\" data-id=\"7a29192\" data-element_type=\"column\" data-settings=\"{&quot;avante_ext_is_scrollme&quot;:&quot;false&quot;,&quot;avante_ext_is_smoove&quot;:&quot;false&quot;,&quot;avante_ext_is_parallax_mouse&quot;:&quot;false&quot;,&quot;avante_ext_is_infinite&quot;:&quot;false&quot;,&quot;avante_ext_mobile_static&quot;:&quot;false&quot;,&quot;avante_ext_link_sidemenu&quot;:&quot;false&quot;,&quot;avante_ext_link_fullmenu&quot;:&quot;false&quot;,&quot;avante_ext_link_closed_fullmenu&quot;:&quot;false&quot;}\">\n\t\t\t<div class=\"elementor-widget-wrap elementor-element-populated\">\n\t\t\t\t\t\t<div class=\"elementor-element elementor-element-0731f08 elementor-widget__width-initial elementor-widget elementor-widget-heading\" data-id=\"0731f08\" data-element_type=\"widget\" data-settings=\"{&quot;avante_ext_is_smoove&quot;:&quot;true&quot;,&quot;avante_ext_smoove_disable&quot;:&quot;769&quot;,&quot;avante_ext_smoove_duration&quot;:1000,&quot;avante_ext_smoove_translatey&quot;:{&quot;unit&quot;:&quot;px&quot;,&quot;size&quot;:40,&quot;sizes&quot;:[]},&quot;avante_ext_smoove_rotatex&quot;:{&quot;unit&quot;:&quot;px&quot;,&quot;size&quot;:-90,&quot;sizes&quot;:[]},&quot;avante_ext_smoove_translatez&quot;:{&quot;unit&quot;:&quot;px&quot;,&quot;size&quot;:-140,&quot;sizes&quot;:[]},&quot;_animation&quot;:&quot;none&quot;,&quot;avante_ext_is_scrollme&quot;:&quot;false&quot;,&quot;avante_ext_smoove_scalex&quot;:{&quot;unit&quot;:&quot;px&quot;,&quot;size&quot;:1,&quot;sizes&quot;:[]},&quot;avante_ext_smoove_scaley&quot;:{&quot;unit&quot;:&quot;px&quot;,&quot;size&quot;:1,&quot;sizes&quot;:[]},&quot;avante_ext_smoove_rotatey&quot;:{&quot;unit&quot;:&quot;px&quot;,&quot;size&quot;:0,&quot;sizes&quot;:[]},&quot;avante_ext_smoove_rotatez&quot;:{&quot;unit&quot;:&quot;px&quot;,&quot;size&quot;:0,&quot;sizes&quot;:[]},&quot;avante_ext_smoove_translatex&quot;:{&quot;unit&quot;:&quot;px&quot;,&quot;size&quot;:0,&quot;sizes&quot;:[]},&quot;avante_ext_smoove_skewx&quot;:{&quot;unit&quot;:&quot;px&quot;,&quot;size&quot;:0,&quot;sizes&quot;:[]},&quot;avante_ext_smoove_skewy&quot;:{&quot;unit&quot;:&quot;px&quot;,&quot;size&quot;:0,&quot;sizes&quot;:[]},&quot;avante_ext_smoove_perspective&quot;:{&quot;unit&quot;:&quot;px&quot;,&quot;size&quot;:1000,&quot;sizes&quot;:[]},&quot;avante_ext_is_parallax_mouse&quot;:&quot;false&quot;,&quot;avante_ext_is_infinite&quot;:&quot;false&quot;,&quot;avante_ext_mobile_static&quot;:&quot;false&quot;,&quot;avante_ext_link_sidemenu&quot;:&quot;false&quot;,&quot;avante_ext_link_fullmenu&quot;:&quot;false&quot;,&quot;avante_ext_link_closed_fullmenu&quot;:&quot;false&quot;}\" data-widget_type=\"heading.default\">\n\t\t\t\t\t<span class=\"elementor-heading-title elementor-size-default\"><b>AVISO DE PRIVACIDAD<\/b><br>\n\n[BP ADMIN S.A. de C.V.] (\u201cBPBI\u201d), con domicilio en [Bosques De Los Tamarindos 400 A, Piso 22, Bosques De Las Lomas, Cuajimalpa De Morelos, 05120], es el responsable del tratamiento de la informaci\u00f3n generada por su interacci\u00f3n con este sitio web (el \"Sitio\"), en t\u00e9rminos de la Ley Federal de Protecci\u00f3n de Datos Personales en Posesi\u00f3n de los Particulares y su reglamento (la \u201cLey\u201d).<br><br>\n\n<b>Datos tratados<\/b><br>\nRecabamos su nombre y correo electr\u00f3nico cuando usted los otorgue al momento de enviar comentarios en la secci\u00f3n de \u201cContacto\u201d de nuestro Sitio, as\u00ed como los metadatos derivados de su navegaci\u00f3n en el mismo, los cuales se encuentran\ndisociados desde su origen y no permiten identificar o hacer identificable a una persona.<br><br>\n\n<b>Finalidades del tratamiento<\/b><br>\n\nLos datos personales que nos proporciona a trav\u00e9s del formulario de Contacto (nombre y correo electr\u00f3nico) ser\u00e1n tratados exclusivamente para:\n1.\tAtender sus solicitudes, dar seguimiento y respuesta a sus consultas,\n2.\tEstablecer comunicaci\u00f3n con usted respecto de los temas sobre los cuales haya iniciado contacto\n\nAl enviar su informaci\u00f3n, usted consiente el tratamiento de sus datos personales para las finalidades antes mencionadas y garantiza que los datos proporcionados son veraces, exactos y actualizados, asumiendo la responsabilidad derivada de\ncualquier informaci\u00f3n incorrecta o inexacta.\nSi no desea que sus datos personales sean tratados para dichas finalidades, le pedimos se abstenga de proporcionarlos a trav\u00e9s del formulario de contacto.<br><br>\n<b>Metadatos y Cookies<\/b><br>\n\nLos metadatos t\u00e9cnicos derivados de su navegaci\u00f3n en el Sitio se utilizan\n\u00fanicamente para fines estad\u00edsticos y de mejora en la experiencia del usuario.\nDichos metadatos se encuentran disociados desde su origen y no permiten identificarle.\nUsted puede deshabilitar el uso de cookies en cualquier momento desde la\nconfiguraci\u00f3n de su navegador, aunque ello podr\u00eda limitar algunas funcionalidades del Sitio. Cualquier cambio en el uso de cookies ser\u00e1 informado mediante la\nactualizaci\u00f3n del presente aviso.<br><br>\n \n<b>Datos no Tratados y Limitaciones<\/b><br>\nBPBI no utiliza sus datos personales con fines de mercadotecnia, publicidad o prospecci\u00f3n comercial. En caso de que en el futuro se pretendiera realizar un\ntratamiento con dichas finalidades, se le informar\u00e1 oportunamente y se solicitar\u00e1 su consentimiento previo, de conformidad con la legislaci\u00f3n aplicable.\nAsimismo, BPBI no recaba ni trata datos personales sensibles. Le solicitamos que, al utilizar el Sitio o al enviarnos cualquier mensaje, se abstenga de incluir\ninformaci\u00f3n que pueda considerarse sensible, como aquella relacionada con su salud, creencias religiosas, opiniones pol\u00edticas, orientaci\u00f3n sexual o cualquier otro dato que forme parte de su esfera m\u00e1s \u00edntima.<br><br>\n\n<b>Transferencia de Datos<\/b><br>\nBPBI podr\u00e1 realizar transferencias de sus datos personales, dentro o fuera de M\u00e9xico, a las entidades que formen parte de su grupo corporativo, \u00fanicamente para fines administrativos o de gesti\u00f3n interna. En todos los casos, BPBI\ngarantizar\u00e1 que dichas entidades asuman las mismas obligaciones y medidas de protecci\u00f3n establecidas en este Aviso de Privacidad y en la legislaci\u00f3n aplicable.\n\nNo se efectuar\u00e1n transferencias de datos personales a terceros ajenos al grupo\ncorporativo sin su consentimiento previo, salvo aquellas que la Ley expresamente permita o exija.<br><br>\n<b>Derechos ARCO<\/b><br>\n\nUsted tiene derecho a acceder, rectificar, cancelar u oponerse al tratamiento de sus datos personales (derechos ARCO). Para ejercer cualquiera de estos derechos, presente su solicitud al Departamento de Privacidad al correo electr\u00f3nico:\n[contacto@bpbiwm.com], indicando: (i) nombre y medio para recibir notificaciones; (ii) copia de identificaci\u00f3n oficial o documento que acredite\nrepresentaci\u00f3n legal; (iii) descripci\u00f3n clara del derecho que desea ejercer y de los datos personales respecto de los cuales lo ejerce; y (iv) cualquier elemento que facilite la localizaci\u00f3n de los datos.\nDaremos respuesta a su solicitud en un plazo m\u00e1ximo de 20 d\u00edas h\u00e1biles contados desde su recepci\u00f3n y, de ser procedente, la haremos efectiva dentro de los 15 d\u00edas h\u00e1biles siguientes. Dichos plazos podr\u00e1n ampliarse una sola vez por un periodo\nigual, previa justificaci\u00f3n.<br><br>\n \n<b>Limitaci\u00f3n de uso o divulgaci\u00f3n<\/b><br>\nPuede limitar el uso o divulgaci\u00f3n de sus datos personales mediante solicitud enviada al correo electr\u00f3nico: [contacto@bpbiwm.com], a efecto de inscribirle en el listado de exclusi\u00f3n correspondiente.<br><br>\n\n<b>Modificaciones al aviso<\/b><br>\nNos reservamos el derecho de efectuar modificaciones o actualizaciones al presente aviso de privacidad en cualquier momento. Cualquier cambio ser\u00e1\ncomunicado mediante la publicaci\u00f3n de la versi\u00f3n actualizada en este sitio web. Fecha de \u00faltima actualizaci\u00f3n: [16 diciembre 2025]\n\n<\/span>\t\t\t\t<\/div>\n\t\t\t\t\t<\/div>\n\t\t<\/div>\n\t\t\t\t\t<\/div>\n\t\t<\/section>\n\t\t<div class=\"elementor-element elementor-element-8104715 e-flex e-con-boxed e-con e-parent\" data-id=\"8104715\" data-element_type=\"container\" data-settings=\"{&quot;avante_ext_is_background_backdrop&quot;:&quot;false&quot;}\">\n\t\t\t\t\t<div class=\"e-con-inner\">\n\t\t\t\t<div class=\"elementor-element elementor-element-1242dd8 elementor-widget elementor-widget-spacer\" data-id=\"1242dd8\" data-element_type=\"widget\" data-settings=\"{&quot;avante_ext_is_scrollme&quot;:&quot;false&quot;,&quot;avante_ext_is_smoove&quot;:&quot;false&quot;,&quot;avante_ext_is_parallax_mouse&quot;:&quot;false&quot;,&quot;avante_ext_is_infinite&quot;:&quot;false&quot;,&quot;avante_ext_mobile_static&quot;:&quot;false&quot;,&quot;avante_ext_link_sidemenu&quot;:&quot;false&quot;,&quot;avante_ext_link_fullmenu&quot;:&quot;false&quot;,&quot;avante_ext_link_closed_fullmenu&quot;:&quot;false&quot;}\" data-widget_type=\"spacer.default\">\n\t\t\t\t\t\t\t<div class=\"elementor-spacer\">\n\t\t\t<div class=\"elementor-spacer-inner\"><\/div>\n\t\t<\/div>\n\t\t\t\t\t\t<\/div>\n\t\t\t\t\t<\/div>\n\t\t\t\t<\/div>\n\t\t\t\t<\/div>","protected":false},"excerpt":{"rendered":"<p>Aviso de Privacidad AVISO DE PRIVACIDAD [BP ADMIN S.A. de C.V.] (\u201cBPBI\u201d), con domicilio en [Bosques De Los Tamarindos 400 A, Piso 22, Bosques De Las Lomas, Cuajimalpa De Morelos, 05120], es el responsable del tratamiento de la informaci\u00f3n generada [&hellip;]<\/p>","protected":false},"author":2,"featured_media":0,"parent":0,"menu_order":0,"comment_status":"closed","ping_status":"closed","template":"","meta":{"footnotes":""},"class_list":["post-8549","page","type-page","status-publish","hentry"],"_links":{"self":[{"href":"https:\/\/bpbiwm.com\/en\/wp-json\/wp\/v2\/pages\/8549","targetHints":{"allow":["GET"]}}],"collection":[{"href":"https:\/\/bpbiwm.com\/en\/wp-json\/wp\/v2\/pages"}],"about":[{"href":"https:\/\/bpbiwm.com\/en\/wp-json\/wp\/v2\/types\/page"}],"author":[{"embeddable":true,"href":"https:\/\/bpbiwm.com\/en\/wp-json\/wp\/v2\/users\/2"}],"replies":[{"embeddable":true,"href":"https:\/\/bpbiwm.com\/en\/wp-json\/wp\/v2\/comments?post=8549"}],"version-history":[{"count":0,"href":"https:\/\/bpbiwm.com\/en\/wp-json\/wp\/v2\/pages\/8549\/revisions"}],"wp:attachment":[{"href":"https:\/\/bpbiwm.com\/en\/wp-json\/wp\/v2\/media?parent=8549"}],"curies":[{"name":"wp","href":"https:\/\/api.w.org\/{rel}","templated":true}]}}